{"id":293,"date":"2024-10-02T16:24:13","date_gmt":"2024-10-02T14:24:13","guid":{"rendered":"https:\/\/alainavak.com\/?page_id=293"},"modified":"2024-12-20T17:09:12","modified_gmt":"2024-12-20T16:09:12","slug":"293-2","status":"publish","type":"page","link":"https:\/\/alainavak.com\/","title":{"rendered":""},"content":{"rendered":"\t\t<div data-elementor-type=\"wp-page\" data-elementor-id=\"293\" class=\"elementor elementor-293\">\n\t\t\t\t<div class=\"elementor-element elementor-element-2239c5f e-flex e-con-boxed e-con e-parent\" data-id=\"2239c5f\" data-element_type=\"container\">\n\t\t\t\t\t<div class=\"e-con-inner\">\n\t\t\t\t<div class=\"elementor-element elementor-element-8024747 elementor-widget elementor-widget-image\" data-id=\"8024747\" data-element_type=\"widget\" data-widget_type=\"image.default\">\n\t\t\t\t<div class=\"elementor-widget-container\">\n\t\t\t\t\t\t\t\t\t\t\t\t\t<img fetchpriority=\"high\" decoding=\"async\" width=\"579\" height=\"142\" src=\"https:\/\/alainavak.com\/wp-content\/uploads\/2024\/12\/photo-profil4-copie.png\" class=\"attachment-large size-large wp-image-433\" alt=\"auteur, romancier, livre, roman, humour, fiction, litt\u00e9rature\" srcset=\"https:\/\/alainavak.com\/wp-content\/uploads\/2024\/12\/photo-profil4-copie.png 579w, https:\/\/alainavak.com\/wp-content\/uploads\/2024\/12\/photo-profil4-copie-300x74.png 300w\" sizes=\"(max-width: 579px) 100vw, 579px\" \/>\t\t\t\t\t\t\t\t\t\t\t\t\t<\/div>\n\t\t\t\t<\/div>\n\t\t\t\t\t<\/div>\n\t\t\t\t<\/div>\n\t\t<div class=\"elementor-element elementor-element-b078e30 e-flex e-con-boxed e-con e-parent\" data-id=\"b078e30\" data-element_type=\"container\">\n\t\t\t\t\t<div class=\"e-con-inner\">\n\t\t\t\t<div class=\"elementor-element elementor-element-d1c18f5 elementor-widget elementor-widget-text-editor\" data-id=\"d1c18f5\" data-element_type=\"widget\" data-widget_type=\"text-editor.default\">\n\t\t\t\t<div class=\"elementor-widget-container\">\n\t\t\t\t\t\t\t<div class=\"html-div xdj266r x11i5rnm xat24cr x1mh8g0r xexx8yu x4uap5 x18d9i69 xkhd6sd\" dir=\"auto\"><div id=\":r18n:\" class=\"x1l90r2v x1pi30zi x1swvt13 x1iorvi4\" data-ad-comet-preview=\"message\" data-ad-preview=\"message\"><div class=\"x78zum5 xdt5ytf xz62fqu x16ldp7u\"><div class=\"xu06os2 x1ok221b\"><div class=\"xdj266r x11i5rnm xat24cr x1mh8g0r x1vvkbs x126k92a\"><p>Adepte de l\u2019humour absurde et burlesque, ainsi que de la parodie et du mot d\u2019esprit, j&rsquo;ai \u00e9crit \u00ab\u00a0Bienvenue au Nulparistan\u00a0\u00bb pour partager mon imagination extravagante avec les personnes ouvertes d\u2019esprit et capables de d\u00e9roger aux r\u00e8gles de biens\u00e9ance le temps d\u2019un voyage litt\u00e9raire hors des sentiers battus. Un roman d\u00e9cal\u00e9 et atypique, \u00e0 lire pour d\u00e9compresser et se lib\u00e9rer l&rsquo;esprit.<\/p><p><strong>R\u00e9sum\u00e9 : <\/strong><\/p><p>William, un anthropologue fran\u00e7ais missionn\u00e9 sur un site arch\u00e9ologique au c\u0153ur de la Sib\u00e9rie, circule en pleine nuit sur une route d\u00e9serte. Il est surpris par une violente temp\u00eate de neige et s\u2019engouffre involontairement dans une contr\u00e9e surgie de nulle part. Deux gardes-fronti\u00e8re singuliers l\u2019interceptent et l\u2019informent qu\u2019il foule le sol du Nulparistan, un \u00c9tat que l\u2019on ne peut quitter ais\u00e9ment, et lui interdisent de rebrousser chemin. D\u00e9boussol\u00e9, William continue dans la direction qui lui est impos\u00e9e et croise un autochtone s\u2019exprimant correctement dans la langue de Moli\u00e8re. Il apprend qu\u2019il a affaire \u00e0 un accompagnateur touristique aux lointaines origines fran\u00e7aises et le prend \u00e0 bord en esp\u00e9rant obtenir son aide pour quitter cet endroit au plus vite. Durant le trajet, le guide francophone fait des r\u00e9v\u00e9lations d\u00e9concertantes qui attisent la curiosit\u00e9 de William et l\u2019incitent \u00e0 prolonger son s\u00e9jour au Nulparistan.<\/p><p>\u00c0 travers une succession de tribulations aberrantes telles que la tentative de forage du sous-sol nulparistanais par la soci\u00e9t\u00e9 M\u00fcrd\u00fcsson, une entreprise islandaise dont le si\u00e8ge social se trouve dans les \u00eeles Samoa am\u00e9ricaines et les ateliers de fabrication de pipelines en Tch\u00e9tch\u00e9nie, d\u2019histoires cocasses comme la revisite du th\u00e9or\u00e8me d\u2019Archim\u00e8de par un math\u00e9maticien d\u00e9nomm\u00e9 Seth Pluzundis, et d\u2019uchronies burlesques telles que les m\u00e9saventures du sinistre nazi Martin Bormann condamn\u00e9 par la justice nulparistanaise et extrad\u00e9 vers Chypre pour y purger une peine hors du commun, William d\u00e9couvre les singularit\u00e9s de ce territoire inclassable ainsi que son univers dystopique dans lequel \u00e9volue une population h\u00e9t\u00e9roclite et d\u00e9jant\u00e9e.<\/p><\/div><\/div><\/div><\/div><\/div>\t\t\t\t\t\t<\/div>\n\t\t\t\t<\/div>\n\t\t\t\t<div class=\"elementor-element elementor-element-41d09cc elementor-arrows-position-inside elementor-pagination-position-outside elementor-widget elementor-widget-image-carousel\" data-id=\"41d09cc\" data-element_type=\"widget\" data-settings=\"{&quot;slides_to_show&quot;:&quot;1&quot;,&quot;navigation&quot;:&quot;both&quot;,&quot;autoplay&quot;:&quot;yes&quot;,&quot;pause_on_hover&quot;:&quot;yes&quot;,&quot;pause_on_interaction&quot;:&quot;yes&quot;,&quot;autoplay_speed&quot;:5000,&quot;infinite&quot;:&quot;yes&quot;,&quot;effect&quot;:&quot;slide&quot;,&quot;speed&quot;:500}\" data-widget_type=\"image-carousel.default\">\n\t\t\t\t<div class=\"elementor-widget-container\">\n\t\t\t\t\t<div class=\"elementor-image-carousel-wrapper swiper\" dir=\"ltr\">\n\t\t\t<div class=\"elementor-image-carousel swiper-wrapper\" aria-live=\"off\">\n\t\t\t\t\t\t\t\t<div class=\"swiper-slide\" role=\"group\" aria-roledescription=\"slide\" aria-label=\"1 sur 2\"><figure class=\"swiper-slide-inner\"><img decoding=\"async\" class=\"swiper-slide-image\" src=\"https:\/\/alainavak.com\/wp-content\/uploads\/2024\/10\/Autres-visuels-Bienvenue-au-Nulparistan2-copie.bmp\" alt=\"auteur, livre, roman, humour, ebook, fiction, uchronie\" \/><\/figure><\/div><div class=\"swiper-slide\" role=\"group\" aria-roledescription=\"slide\" aria-label=\"2 sur 2\"><figure class=\"swiper-slide-inner\"><img decoding=\"async\" class=\"swiper-slide-image\" src=\"https:\/\/alainavak.com\/wp-content\/uploads\/2024\/10\/Annonce-parution-Bienvenue-au-Nulparistan4-copie.bmp\" alt=\"auteur, livre, roman, fiction, humour, uchronie\" \/><\/figure><\/div>\t\t\t<\/div>\n\t\t\t\t\t\t\t\t\t\t\t\t<div class=\"elementor-swiper-button elementor-swiper-button-prev\" role=\"button\" tabindex=\"0\">\n\t\t\t\t\t\t<svg aria-hidden=\"true\" class=\"e-font-icon-svg e-far-arrow-alt-circle-left\" viewBox=\"0 0 512 512\" xmlns=\"http:\/\/www.w3.org\/2000\/svg\"><path d=\"M8 256c0 137 111 248 248 248s248-111 248-248S393 8 256 8 8 119 8 256zm448 0c0 110.5-89.5 200-200 200S56 366.5 56 256 145.5 56 256 56s200 89.5 200 200zm-72-20v40c0 6.6-5.4 12-12 12H256v67c0 10.7-12.9 16-20.5 8.5l-99-99c-4.7-4.7-4.7-12.3 0-17l99-99c7.6-7.6 20.5-2.2 20.5 8.5v67h116c6.6 0 12 5.4 12 12z\"><\/path><\/svg>\t\t\t\t\t<\/div>\n\t\t\t\t\t<div class=\"elementor-swiper-button elementor-swiper-button-next\" role=\"button\" tabindex=\"0\">\n\t\t\t\t\t\t<svg aria-hidden=\"true\" class=\"e-font-icon-svg e-far-arrow-alt-circle-right\" viewBox=\"0 0 512 512\" xmlns=\"http:\/\/www.w3.org\/2000\/svg\"><path d=\"M504 256C504 119 393 8 256 8S8 119 8 256s111 248 248 248 248-111 248-248zm-448 0c0-110.5 89.5-200 200-200s200 89.5 200 200-89.5 200-200 200S56 366.5 56 256zm72 20v-40c0-6.6 5.4-12 12-12h116v-67c0-10.7 12.9-16 20.5-8.5l99 99c4.7 4.7 4.7 12.3 0 17l-99 99c-7.6 7.6-20.5 2.2-20.5-8.5v-67H140c-6.6 0-12-5.4-12-12z\"><\/path><\/svg>\t\t\t\t\t<\/div>\n\t\t\t\t\n\t\t\t\t\t\t\t\t\t<div class=\"swiper-pagination\"><\/div>\n\t\t\t\t\t\t\t\t\t<\/div>\n\t\t\t\t<\/div>\n\t\t\t\t<\/div>\n\t\t\t\t<div class=\"elementor-element elementor-element-25a277d elementor-align-center elementor-tablet-align-center elementor-widget elementor-widget-button\" data-id=\"25a277d\" data-element_type=\"widget\" data-widget_type=\"button.default\">\n\t\t\t\t<div class=\"elementor-widget-container\">\n\t\t\t\t\t\t\t<div class=\"elementor-button-wrapper\">\n\t\t\t\t\t<a class=\"elementor-button elementor-button-link elementor-size-sm\" href=\"https:\/\/alainavak.com\/wp-content\/uploads\/2024\/10\/Extraits5.pdf\" target=\"_blank\">\n\t\t\t\t\t\t<span class=\"elementor-button-content-wrapper\">\n\t\t\t\t\t\t\t\t\t<span class=\"elementor-button-text\">LIRE DES EXTRAITS DU ROMAN<\/span>\n\t\t\t\t\t<\/span>\n\t\t\t\t\t<\/a>\n\t\t\t\t<\/div>\n\t\t\t\t\t\t<\/div>\n\t\t\t\t<\/div>\n\t\t\t\t<div class=\"elementor-element elementor-element-af8b2de elementor-widget elementor-widget-text-editor\" data-id=\"af8b2de\" data-element_type=\"widget\" data-widget_type=\"text-editor.default\">\n\t\t\t\t<div class=\"elementor-widget-container\">\n\t\t\t\t\t\t\t<p><strong>En vente au format broch\u00e9 ou num\u00e9rique sur :<\/strong><\/p>\t\t\t\t\t\t<\/div>\n\t\t\t\t<\/div>\n\t\t<div class=\"elementor-element elementor-element-b13abe7 e-flex e-con-boxed e-con e-child\" data-id=\"b13abe7\" data-element_type=\"container\">\n\t\t\t\t\t<div class=\"e-con-inner\">\n\t\t\t\t<div class=\"elementor-element elementor-element-58ea01e elementor-widget elementor-widget-image\" data-id=\"58ea01e\" data-element_type=\"widget\" data-widget_type=\"image.default\">\n\t\t\t\t<div class=\"elementor-widget-container\">\n\t\t\t\t\t\t\t\t\t\t\t\t\t\t<a href=\"https:\/\/www.amazon.fr\/Bienvenue-au-Nulparistan-Alain-Avak\/dp\/B0DC4ZKQ67\" target=\"_blank\">\n\t\t\t\t\t\t\t<img decoding=\"async\" width=\"300\" height=\"126\" src=\"https:\/\/alainavak.com\/wp-content\/uploads\/2024\/09\/Amazon-logo-copie-300x126.png\" class=\"attachment-medium size-medium wp-image-96\" alt=\"livre, ebook, roman, litt\u00e9rature fran\u00e7aise, humour\" srcset=\"https:\/\/alainavak.com\/wp-content\/uploads\/2024\/09\/Amazon-logo-copie-300x126.png 300w, https:\/\/alainavak.com\/wp-content\/uploads\/2024\/09\/Amazon-logo-copie-1024x430.png 1024w, https:\/\/alainavak.com\/wp-content\/uploads\/2024\/09\/Amazon-logo-copie-768x323.png 768w, https:\/\/alainavak.com\/wp-content\/uploads\/2024\/09\/Amazon-logo-copie-1536x646.png 1536w, https:\/\/alainavak.com\/wp-content\/uploads\/2024\/09\/Amazon-logo-copie-2048x861.png 2048w\" sizes=\"(max-width: 300px) 100vw, 300px\" \/>\t\t\t\t\t\t\t\t<\/a>\n\t\t\t\t\t\t\t\t\t\t\t\t\t<\/div>\n\t\t\t\t<\/div>\n\t\t\t\t<div class=\"elementor-element elementor-element-ff9a064 elementor-widget elementor-widget-image\" data-id=\"ff9a064\" data-element_type=\"widget\" data-widget_type=\"image.default\">\n\t\t\t\t<div class=\"elementor-widget-container\">\n\t\t\t\t\t\t\t\t\t\t\t\t\t\t<a href=\"https:\/\/www.fnac.com\/a20789139\/Alain-Avak-Bienvenue-au-Nulparistan\" target=\"_blank\">\n\t\t\t\t\t\t\t<img decoding=\"async\" width=\"150\" height=\"150\" src=\"https:\/\/alainavak.com\/wp-content\/uploads\/2024\/09\/Fnac-Embleme-copie-150x150.png\" class=\"attachment-thumbnail size-thumbnail wp-image-95\" alt=\"livre, ebook, roman, litt\u00e9rature fran\u00e7aise, humour\" \/>\t\t\t\t\t\t\t\t<\/a>\n\t\t\t\t\t\t\t\t\t\t\t\t\t<\/div>\n\t\t\t\t<\/div>\n\t\t\t\t<div class=\"elementor-element elementor-element-aeefbad elementor-widget elementor-widget-image\" data-id=\"aeefbad\" data-element_type=\"widget\" data-widget_type=\"image.default\">\n\t\t\t\t<div class=\"elementor-widget-container\">\n\t\t\t\t\t\t\t\t\t\t\t\t\t\t<a href=\"https:\/\/www.decitre.fr\/ebooks\/bienvenue-au-nulparistan-9791042243425_9791042243425_10015.html?srsltid=AfmBOopVz29GouVWCFlGh6gmBiJ24LSbqBs9LcXEVgvCOV8vqEij8va2\" target=\"_blank\">\n\t\t\t\t\t\t\t<img loading=\"lazy\" decoding=\"async\" width=\"113\" height=\"113\" src=\"https:\/\/alainavak.com\/wp-content\/uploads\/2024\/09\/decitre2.jpg\" class=\"attachment-medium size-medium wp-image-267\" alt=\"livre, ebook, roman, litt\u00e9rature fran\u00e7aise, humour\" \/>\t\t\t\t\t\t\t\t<\/a>\n\t\t\t\t\t\t\t\t\t\t\t\t\t<\/div>\n\t\t\t\t<\/div>\n\t\t\t\t<div class=\"elementor-element elementor-element-5bc37da elementor-widget elementor-widget-image\" data-id=\"5bc37da\" data-element_type=\"widget\" data-widget_type=\"image.default\">\n\t\t\t\t<div class=\"elementor-widget-container\">\n\t\t\t\t\t\t\t\t\t\t\t\t\t\t<a href=\"https:\/\/www.eyrolles.com\/Litterature\/Livre\/bienvenue-au-nulparistan-9791042243418\/\" target=\"_blank\">\n\t\t\t\t\t\t\t<img loading=\"lazy\" decoding=\"async\" width=\"300\" height=\"66\" src=\"https:\/\/alainavak.com\/wp-content\/uploads\/2024\/10\/eyrolles-300x66.png\" class=\"attachment-medium size-medium wp-image-308\" alt=\"livre, ebook, roman, litt\u00e9rature fran\u00e7aise, humour\" srcset=\"https:\/\/alainavak.com\/wp-content\/uploads\/2024\/10\/eyrolles-300x66.png 300w, https:\/\/alainavak.com\/wp-content\/uploads\/2024\/10\/eyrolles-1024x225.png 1024w, https:\/\/alainavak.com\/wp-content\/uploads\/2024\/10\/eyrolles-768x169.png 768w, https:\/\/alainavak.com\/wp-content\/uploads\/2024\/10\/eyrolles.png 1200w\" sizes=\"(max-width: 300px) 100vw, 300px\" \/>\t\t\t\t\t\t\t\t<\/a>\n\t\t\t\t\t\t\t\t\t\t\t\t\t<\/div>\n\t\t\t\t<\/div>\n\t\t\t\t<div class=\"elementor-element elementor-element-e874cfe elementor-widget elementor-widget-image\" data-id=\"e874cfe\" data-element_type=\"widget\" data-widget_type=\"image.default\">\n\t\t\t\t<div class=\"elementor-widget-container\">\n\t\t\t\t\t\t\t\t\t\t\t\t\t\t<a href=\"https:\/\/www.lysbleueditions.com\/produit\/bienvenue-au-nulparistan\/\" target=\"_blank\">\n\t\t\t\t\t\t\t<img loading=\"lazy\" decoding=\"async\" width=\"132\" height=\"132\" src=\"https:\/\/alainavak.com\/wp-content\/uploads\/2024\/09\/Lys-bleu.png\" class=\"attachment-medium size-medium wp-image-85\" alt=\"\" \/>\t\t\t\t\t\t\t\t<\/a>\n\t\t\t\t\t\t\t\t\t\t\t\t\t<\/div>\n\t\t\t\t<\/div>\n\t\t\t\t<div class=\"elementor-element elementor-element-6f9ad56 elementor-widget elementor-widget-image\" data-id=\"6f9ad56\" data-element_type=\"widget\" data-widget_type=\"image.default\">\n\t\t\t\t<div class=\"elementor-widget-container\">\n\t\t\t\t\t\t\t\t\t\t\t\t\t\t<a href=\"https:\/\/e-librairie.leclerc\/product\/9791042243425_9791042243425_10015\/bienvenue-au-nulparistan?listName=nouveautes&#038;listId=341\" target=\"_blank\">\n\t\t\t\t\t\t\t<img loading=\"lazy\" decoding=\"async\" width=\"283\" height=\"109\" src=\"https:\/\/alainavak.com\/wp-content\/uploads\/2024\/09\/Logo_Espace_Culturel_Leclerc.jpg\" class=\"attachment-medium size-medium wp-image-265\" alt=\"\" \/>\t\t\t\t\t\t\t\t<\/a>\n\t\t\t\t\t\t\t\t\t\t\t\t\t<\/div>\n\t\t\t\t<\/div>\n\t\t\t\t\t<\/div>\n\t\t\t\t<\/div>\n\t\t\t\t\t<\/div>\n\t\t\t\t<\/div>\n\t\t<div class=\"elementor-element elementor-element-bd8b5f8 e-flex e-con-boxed e-con e-parent\" data-id=\"bd8b5f8\" data-element_type=\"container\">\n\t\t\t\t\t<div class=\"e-con-inner\">\n\t\t\t\t<div class=\"elementor-element elementor-element-8b689f7 elementor-widget elementor-widget-video\" data-id=\"8b689f7\" data-element_type=\"widget\" data-settings=\"{&quot;youtube_url&quot;:&quot;https:\\\/\\\/www.youtube.com\\\/watch?v=GR0DfyXtXz8&quot;,&quot;loop&quot;:&quot;yes&quot;,&quot;lazy_load&quot;:&quot;yes&quot;,&quot;video_type&quot;:&quot;youtube&quot;,&quot;controls&quot;:&quot;yes&quot;}\" data-widget_type=\"video.default\">\n\t\t\t\t<div class=\"elementor-widget-container\">\n\t\t\t\t\t<div class=\"elementor-wrapper elementor-open-inline\">\n\t\t\t<div class=\"elementor-video\"><\/div>\t\t<\/div>\n\t\t\t\t<\/div>\n\t\t\t\t<\/div>\n\t\t\t\t\t<\/div>\n\t\t\t\t<\/div>\n\t\t<div class=\"elementor-element elementor-element-298b8ab e-flex e-con-boxed e-con e-parent\" data-id=\"298b8ab\" data-element_type=\"container\">\n\t\t\t\t\t<div class=\"e-con-inner\">\n\t\t\t\t<div class=\"elementor-element elementor-element-eac1df2 elementor-widget elementor-widget-image\" data-id=\"eac1df2\" data-element_type=\"widget\" data-widget_type=\"image.default\">\n\t\t\t\t<div class=\"elementor-widget-container\">\n\t\t\t\t\t\t\t\t\t\t\t\t\t<img loading=\"lazy\" decoding=\"async\" width=\"576\" height=\"512\" src=\"https:\/\/alainavak.com\/wp-content\/uploads\/2024\/12\/cesar3-copie.png\" class=\"elementor-animation-wobble-bottom attachment-large size-large wp-image-415\" alt=\"roman, humour, livre, r\u00e9cit, fiction, histoire, uchronie, litt\u00e9rature fran\u00e7aise, auteur, romancier\" srcset=\"https:\/\/alainavak.com\/wp-content\/uploads\/2024\/12\/cesar3-copie.png 576w, https:\/\/alainavak.com\/wp-content\/uploads\/2024\/12\/cesar3-copie-300x267.png 300w\" sizes=\"(max-width: 576px) 100vw, 576px\" \/>\t\t\t\t\t\t\t\t\t\t\t\t\t<\/div>\n\t\t\t\t<\/div>\n\t\t\t\t\t<\/div>\n\t\t\t\t<\/div>\n\t\t\t\t<\/div>\n\t\t","protected":false},"excerpt":{"rendered":"<p>Adepte de l\u2019humour absurde et burlesque, ainsi que de la parodie et du mot d\u2019esprit, j&rsquo;ai \u00e9crit \u00ab\u00a0Bienvenue au Nulparistan\u00a0\u00bb pour partager mon imagination extravagante avec les personnes ouvertes d\u2019esprit et capables de d\u00e9roger aux r\u00e8gles de biens\u00e9ance le temps d\u2019un voyage litt\u00e9raire hors des sentiers battus. Un roman d\u00e9cal\u00e9 et atypique, \u00e0 lire pour [&hellip;]<\/p>\n","protected":false},"author":1,"featured_media":0,"parent":0,"menu_order":0,"comment_status":"closed","ping_status":"closed","template":"","meta":{"footnotes":""},"class_list":["post-293","page","type-page","status-publish","hentry"],"yoast_head":"<!-- This site is optimized with the Yoast SEO plugin v24.0 - https:\/\/yoast.com\/wordpress\/plugins\/seo\/ -->\n<title>- Alain Avak, auteur, romancier<\/title>\n<meta name=\"description\" content=\"auteur, livre, roman, humour, Alain Avak, bienvenue au Nulparistan, \u00e9dition litt\u00e9rature fran\u00e7aise romancier ouvrage ebook fiction humoristique\" \/>\n<meta name=\"robots\" content=\"index, follow, max-snippet:-1, max-image-preview:large, max-video-preview:-1\" \/>\n<link rel=\"canonical\" href=\"https:\/\/alainavak.com\/\" \/>\n<meta property=\"og:locale\" content=\"fr_FR\" \/>\n<meta property=\"og:type\" content=\"article\" \/>\n<meta property=\"og:title\" content=\"- Alain Avak, auteur, romancier\" \/>\n<meta property=\"og:description\" content=\"auteur, livre, roman, humour, Alain Avak, bienvenue au Nulparistan, \u00e9dition litt\u00e9rature fran\u00e7aise romancier ouvrage ebook fiction humoristique\" \/>\n<meta property=\"og:url\" content=\"https:\/\/alainavak.com\/\" \/>\n<meta property=\"og:site_name\" content=\"Alain Avak, auteur, romancier\" \/>\n<meta property=\"article:publisher\" content=\"https:\/\/www.facebook.com\/profile.php?id=61559800659527\" \/>\n<meta property=\"article:modified_time\" content=\"2024-12-20T16:09:12+00:00\" \/>\n<meta property=\"og:image\" content=\"http:\/\/alainavak.com\/wp-content\/uploads\/2024\/12\/photo-profil4-copie.png\" \/>\n<meta name=\"twitter:card\" content=\"summary_large_image\" \/>\n<meta name=\"twitter:label1\" content=\"Dur\u00e9e de lecture estim\u00e9e\" \/>\n\t<meta name=\"twitter:data1\" content=\"5 minutes\" \/>\n<script type=\"application\/ld+json\" class=\"yoast-schema-graph\">{\"@context\":\"https:\/\/schema.org\",\"@graph\":[{\"@type\":\"WebPage\",\"@id\":\"https:\/\/alainavak.com\/\",\"url\":\"https:\/\/alainavak.com\/\",\"name\":\"- Alain Avak, auteur, romancier\",\"isPartOf\":{\"@id\":\"https:\/\/alainavak.com\/#website\"},\"primaryImageOfPage\":{\"@id\":\"https:\/\/alainavak.com\/#primaryimage\"},\"image\":{\"@id\":\"https:\/\/alainavak.com\/#primaryimage\"},\"thumbnailUrl\":\"http:\/\/alainavak.com\/wp-content\/uploads\/2024\/12\/photo-profil4-copie.png\",\"datePublished\":\"2024-10-02T14:24:13+00:00\",\"dateModified\":\"2024-12-20T16:09:12+00:00\",\"description\":\"auteur, livre, roman, humour, Alain Avak, bienvenue au Nulparistan, \u00e9dition litt\u00e9rature fran\u00e7aise romancier ouvrage ebook fiction humoristique\",\"inLanguage\":\"fr-FR\",\"potentialAction\":[{\"@type\":\"ReadAction\",\"target\":[\"https:\/\/alainavak.com\/\"]}]},{\"@type\":\"ImageObject\",\"inLanguage\":\"fr-FR\",\"@id\":\"https:\/\/alainavak.com\/#primaryimage\",\"url\":\"https:\/\/alainavak.com\/wp-content\/uploads\/2024\/12\/photo-profil4-copie.png\",\"contentUrl\":\"https:\/\/alainavak.com\/wp-content\/uploads\/2024\/12\/photo-profil4-copie.png\",\"width\":579,\"height\":142,\"caption\":\"auteur, romancier, livre, roman, humour, fiction, litt\u00e9rature\"},{\"@type\":\"WebSite\",\"@id\":\"https:\/\/alainavak.com\/#website\",\"url\":\"https:\/\/alainavak.com\/\",\"name\":\"alainavak.com\",\"description\":\"Romans humoristiques et fictions historiques\",\"publisher\":{\"@id\":\"https:\/\/alainavak.com\/#\/schema\/person\/02b1501f7f807b4c7d2964b4cb5d427d\"},\"potentialAction\":[{\"@type\":\"SearchAction\",\"target\":{\"@type\":\"EntryPoint\",\"urlTemplate\":\"https:\/\/alainavak.com\/?s={search_term_string}\"},\"query-input\":{\"@type\":\"PropertyValueSpecification\",\"valueRequired\":true,\"valueName\":\"search_term_string\"}}],\"inLanguage\":\"fr-FR\"},{\"@type\":[\"Person\",\"Organization\"],\"@id\":\"https:\/\/alainavak.com\/#\/schema\/person\/02b1501f7f807b4c7d2964b4cb5d427d\",\"name\":\"Alain Avak\",\"image\":{\"@type\":\"ImageObject\",\"inLanguage\":\"fr-FR\",\"@id\":\"https:\/\/alainavak.com\/#\/schema\/person\/image\/\",\"url\":\"https:\/\/alainavak.com\/wp-content\/uploads\/2024\/10\/banniere-site4-copie.png\",\"contentUrl\":\"https:\/\/alainavak.com\/wp-content\/uploads\/2024\/10\/banniere-site4-copie.png\",\"width\":350,\"height\":100,\"caption\":\"Alain Avak\"},\"logo\":{\"@id\":\"https:\/\/alainavak.com\/#\/schema\/person\/image\/\"},\"sameAs\":[\"http:\/\/alainavak.com\",\"https:\/\/www.facebook.com\/profile.php?id=61559800659527\",\"https:\/\/www.instagram.com\/avakalain\/\"]}]}<\/script>\n<!-- \/ Yoast SEO plugin. -->","yoast_head_json":{"title":"- Alain Avak, auteur, romancier","description":"auteur, livre, roman, humour, Alain Avak, bienvenue au Nulparistan, \u00e9dition litt\u00e9rature fran\u00e7aise romancier ouvrage ebook fiction humoristique","robots":{"index":"index","follow":"follow","max-snippet":"max-snippet:-1","max-image-preview":"max-image-preview:large","max-video-preview":"max-video-preview:-1"},"canonical":"https:\/\/alainavak.com\/","og_locale":"fr_FR","og_type":"article","og_title":"- Alain Avak, auteur, romancier","og_description":"auteur, livre, roman, humour, Alain Avak, bienvenue au Nulparistan, \u00e9dition litt\u00e9rature fran\u00e7aise romancier ouvrage ebook fiction humoristique","og_url":"https:\/\/alainavak.com\/","og_site_name":"Alain Avak, auteur, romancier","article_publisher":"https:\/\/www.facebook.com\/profile.php?id=61559800659527","article_modified_time":"2024-12-20T16:09:12+00:00","og_image":[{"url":"http:\/\/alainavak.com\/wp-content\/uploads\/2024\/12\/photo-profil4-copie.png","type":"","width":"","height":""}],"twitter_card":"summary_large_image","twitter_misc":{"Dur\u00e9e de lecture estim\u00e9e":"5 minutes"},"schema":{"@context":"https:\/\/schema.org","@graph":[{"@type":"WebPage","@id":"https:\/\/alainavak.com\/","url":"https:\/\/alainavak.com\/","name":"- Alain Avak, auteur, romancier","isPartOf":{"@id":"https:\/\/alainavak.com\/#website"},"primaryImageOfPage":{"@id":"https:\/\/alainavak.com\/#primaryimage"},"image":{"@id":"https:\/\/alainavak.com\/#primaryimage"},"thumbnailUrl":"http:\/\/alainavak.com\/wp-content\/uploads\/2024\/12\/photo-profil4-copie.png","datePublished":"2024-10-02T14:24:13+00:00","dateModified":"2024-12-20T16:09:12+00:00","description":"auteur, livre, roman, humour, Alain Avak, bienvenue au Nulparistan, \u00e9dition litt\u00e9rature fran\u00e7aise romancier ouvrage ebook fiction humoristique","inLanguage":"fr-FR","potentialAction":[{"@type":"ReadAction","target":["https:\/\/alainavak.com\/"]}]},{"@type":"ImageObject","inLanguage":"fr-FR","@id":"https:\/\/alainavak.com\/#primaryimage","url":"https:\/\/alainavak.com\/wp-content\/uploads\/2024\/12\/photo-profil4-copie.png","contentUrl":"https:\/\/alainavak.com\/wp-content\/uploads\/2024\/12\/photo-profil4-copie.png","width":579,"height":142,"caption":"auteur, romancier, livre, roman, humour, fiction, litt\u00e9rature"},{"@type":"WebSite","@id":"https:\/\/alainavak.com\/#website","url":"https:\/\/alainavak.com\/","name":"alainavak.com","description":"Romans humoristiques et fictions historiques","publisher":{"@id":"https:\/\/alainavak.com\/#\/schema\/person\/02b1501f7f807b4c7d2964b4cb5d427d"},"potentialAction":[{"@type":"SearchAction","target":{"@type":"EntryPoint","urlTemplate":"https:\/\/alainavak.com\/?s={search_term_string}"},"query-input":{"@type":"PropertyValueSpecification","valueRequired":true,"valueName":"search_term_string"}}],"inLanguage":"fr-FR"},{"@type":["Person","Organization"],"@id":"https:\/\/alainavak.com\/#\/schema\/person\/02b1501f7f807b4c7d2964b4cb5d427d","name":"Alain Avak","image":{"@type":"ImageObject","inLanguage":"fr-FR","@id":"https:\/\/alainavak.com\/#\/schema\/person\/image\/","url":"https:\/\/alainavak.com\/wp-content\/uploads\/2024\/10\/banniere-site4-copie.png","contentUrl":"https:\/\/alainavak.com\/wp-content\/uploads\/2024\/10\/banniere-site4-copie.png","width":350,"height":100,"caption":"Alain Avak"},"logo":{"@id":"https:\/\/alainavak.com\/#\/schema\/person\/image\/"},"sameAs":["http:\/\/alainavak.com","https:\/\/www.facebook.com\/profile.php?id=61559800659527","https:\/\/www.instagram.com\/avakalain\/"]}]}},"_links":{"self":[{"href":"https:\/\/alainavak.com\/index.php?rest_route=\/wp\/v2\/pages\/293","targetHints":{"allow":["GET"]}}],"collection":[{"href":"https:\/\/alainavak.com\/index.php?rest_route=\/wp\/v2\/pages"}],"about":[{"href":"https:\/\/alainavak.com\/index.php?rest_route=\/wp\/v2\/types\/page"}],"author":[{"embeddable":true,"href":"https:\/\/alainavak.com\/index.php?rest_route=\/wp\/v2\/users\/1"}],"replies":[{"embeddable":true,"href":"https:\/\/alainavak.com\/index.php?rest_route=%2Fwp%2Fv2%2Fcomments&post=293"}],"version-history":[{"count":94,"href":"https:\/\/alainavak.com\/index.php?rest_route=\/wp\/v2\/pages\/293\/revisions"}],"predecessor-version":[{"id":446,"href":"https:\/\/alainavak.com\/index.php?rest_route=\/wp\/v2\/pages\/293\/revisions\/446"}],"wp:attachment":[{"href":"https:\/\/alainavak.com\/index.php?rest_route=%2Fwp%2Fv2%2Fmedia&parent=293"}],"curies":[{"name":"wp","href":"https:\/\/api.w.org\/{rel}","templated":true}]}}